{"id":57,"date":"2023-09-13T20:47:39","date_gmt":"2023-09-13T17:47:39","guid":{"rendered":"https:\/\/gunayerdogan.com.tr\/en\/?page_id=57"},"modified":"2023-10-26T00:05:13","modified_gmt":"2023-10-25T21:05:13","slug":"justitia","status":"publish","type":"page","link":"https:\/\/gunayerdogan.com.tr\/en\/justitia\/","title":{"rendered":"Justitia"},"content":{"rendered":"\t\t<div data-elementor-type=\"wp-page\" data-elementor-id=\"57\" class=\"elementor elementor-57\" data-elementor-post-type=\"page\">\n\t\t\t\t<div class=\"elementor-element elementor-element-7b8d8a8 e-con-full e-flex e-con e-parent\" data-id=\"7b8d8a8\" data-element_type=\"container\" data-e-type=\"container\">\n\t\t<div class=\"elementor-element elementor-element-cee7ab6 e-flex e-con-boxed e-con e-child\" data-id=\"cee7ab6\" data-element_type=\"container\" data-e-type=\"container\" data-settings=\"{&quot;background_background&quot;:&quot;classic&quot;}\">\n\t\t\t\t\t<div class=\"e-con-inner\">\n\t\t\t\t<div class=\"elementor-element elementor-element-8eafa07 elementor-widget elementor-widget-image\" data-id=\"8eafa07\" data-element_type=\"widget\" data-e-type=\"widget\" data-widget_type=\"image.default\">\n\t\t\t\t<div class=\"elementor-widget-container\">\n\t\t\t\t\t\t\t\t\t\t\t\t\t\t\t<img fetchpriority=\"high\" decoding=\"async\" width=\"660\" height=\"400\" src=\"https:\/\/gunayerdogan.com.tr\/en\/wp-content\/uploads\/2023\/09\/Justitia-Legal-Academy.webp\" class=\"attachment-large size-large wp-image-4209\" alt=\"\" srcset=\"https:\/\/gunayerdogan.com.tr\/en\/wp-content\/uploads\/2023\/09\/Justitia-Legal-Academy.webp 660w, https:\/\/gunayerdogan.com.tr\/en\/wp-content\/uploads\/2023\/09\/Justitia-Legal-Academy-300x182.webp 300w\" sizes=\"(max-width: 660px) 100vw, 660px\" \/>\t\t\t\t\t\t\t\t\t\t\t\t\t\t\t<\/div>\n\t\t\t\t<\/div>\n\t\t\t\t\t<\/div>\n\t\t\t\t<\/div>\n\t\t\t\t<\/div>\n\t\t<div class=\"elementor-element elementor-element-f523ef9 e-flex e-con-boxed e-con e-parent\" data-id=\"f523ef9\" data-element_type=\"container\" data-e-type=\"container\">\n\t\t\t\t\t<div class=\"e-con-inner\">\n\t\t\t\t<div class=\"elementor-element elementor-element-85cd738 elementor-widget elementor-widget-text-editor\" data-id=\"85cd738\" data-element_type=\"widget\" data-e-type=\"widget\" data-widget_type=\"text-editor.default\">\n\t\t\t\t<div class=\"elementor-widget-container\">\n\t\t\t\t\t\t\t\t\t<p>Teknolojik geli\u015fmelerin sosyal hayat\u0131 daha karma\u015f\u0131k hale getirmesi ve firmalar\u0131n i\u015f modellerini derinden etkilemesi, pandeminin de etkisiyle dijitalle\u015fmenin ivmesinin artmas\u0131 ve gerek k\u00fcreselle\u015fmenin gerekse kutupla\u015fma ile iklim krizinin derinle\u015fmesi, hukuk alan\u0131nda da \u00f6nemli yans\u0131malara sahiptir.<\/p><p>\u00c7at\u0131\u015fmalar\u0131n ve krizlerin derinle\u015fti\u011fi ve \u00f6te yandan i\u015f birliklerine duyulan ihtiyac\u0131n artt\u0131\u011f\u0131 g\u00fcn\u00fcm\u00fcz d\u00fcnyas\u0131nda, G\u00fcnay Erdo\u011fan olarak, sahip oldu\u011fumuz kamu ve \u00f6zel sekt\u00f6r deneyimi, akademik derinlik ve multidisipliner yakla\u015f\u0131m ile \u201cJustitia Hukuk Akademisi\u201d \u00e7at\u0131s\u0131 alt\u0131nda; de\u011ferli meslekta\u015flar\u0131m\u0131zla, m\u00fcvekkillerimizle, k\u0131ymetli akademisyenlerle, kamu ve \u00f6zel sekt\u00f6r temsilcileriyle, sivil toplum kurulu\u015flar\u0131yla, \u00fcniversite \u00f6\u011frencileriyle ve di\u011fer t\u00fcm sekt\u00f6r payda\u015flar\u0131yla i\u015f birli\u011fi i\u00e7erisinde hareket ederek, hukuku \u00fcst\u00fcn k\u0131lmay\u0131, hukuka eri\u015fimi art\u0131rmay\u0131 ve hukukun de\u011fi\u015fen d\u00fcnyay\u0131 yakalamas\u0131n\u0131 sa\u011flamay\u0131 hedefliyoruz.<\/p><p>Justitia Hukuk Akademisi, bu ama\u00e7la kurulmu\u015f olup G\u00fcnay Erdo\u011fan Avukatl\u0131k B\u00fcrosu \u00e7at\u0131s\u0131 alt\u0131nda i\u015f birli\u011fi odakl\u0131 bir yakla\u015f\u0131m ile \u00e7al\u0131\u015fmalar\u0131n\u0131 s\u00fcrd\u00fcrmektedir.<\/p>\t\t\t\t\t\t\t\t<\/div>\n\t\t\t\t<\/div>\n\t\t\t\t\t<\/div>\n\t\t\t\t<\/div>\n\t\t<div class=\"elementor-element elementor-element-e23de40 e-flex e-con-boxed e-con e-parent\" data-id=\"e23de40\" data-element_type=\"container\" data-e-type=\"container\">\n\t\t\t\t\t<div class=\"e-con-inner\">\n\t\t<div class=\"elementor-element elementor-element-4a64039 e-con-full e-flex e-con e-child\" data-id=\"4a64039\" data-element_type=\"container\" data-e-type=\"container\">\n\t\t\t\t<div class=\"elementor-element elementor-element-b82fb7b elementor-position-inline-start elementor-view-default elementor-mobile-position-block-start elementor-widget elementor-widget-icon-box\" data-id=\"b82fb7b\" data-element_type=\"widget\" data-e-type=\"widget\" data-widget_type=\"icon-box.default\">\n\t\t\t\t<div class=\"elementor-widget-container\">\n\t\t\t\t\t\t\t<div class=\"elementor-icon-box-wrapper\">\n\n\t\t\t\t\t\t<div class=\"elementor-icon-box-icon\">\n\t\t\t\t<a href=\"https:\/\/gunayerdogan.com.tr\/en\/justitia\/news\/\" class=\"elementor-icon elementor-animation-shrink\" tabindex=\"-1\" aria-label=\"NEWS\">\n\t\t\t\t<svg xmlns=\"http:\/\/www.w3.org\/2000\/svg\" height=\"512\" viewBox=\"0 0 64 64\" width=\"512\"><g id=\"Advertisment-Browser-Online-Megaphone-Commerce\"><path d=\"m10 55v-3h19v-2h-24a1 1 0 0 1 -1-1v-37h46v17h2v-12h4v10h2v-16a3 3 0 0 0 -3-3h-3v-3a3 3 0 0 0 -3-3h-44a3 3 0 0 0 -3 3v44a3 3 0 0 0 3 3h3v3a3 3 0 0 0 3 3h25v-2h-25a1 1 0 0 1 -1-1zm45-45a1 1 0 0 1 1 1v4h-4v-5zm-50-6h44a1 1 0 0 1 1 1v5h-46v-5a1 1 0 0 1 1-1z\"><\/path><path d=\"m56 55a1 1 0 0 1 -1 1h-6v2h6a3 3 0 0 0 3-3v-4h-2z\"><\/path><path d=\"m8 6h2v2h-2z\"><\/path><path d=\"m12 6h2v2h-2z\"><\/path><path d=\"m16 6h2v2h-2z\"><\/path><path d=\"m21 28a1 1 0 0 0 1-1v-10a1 1 0 0 0 -1-1h-12a1 1 0 0 0 -1 1v10a1 1 0 0 0 1 1zm-11-10h10v8h-10z\"><\/path><path d=\"m26 16h2v2h-2z\"><\/path><path d=\"m30 16h2v2h-2z\"><\/path><path d=\"m34 16h8v2h-8z\"><\/path><path d=\"m26 20h16v2h-16z\"><\/path><path d=\"m26 24h16v2h-16z\"><\/path><path d=\"m26 28h16v2h-16z\"><\/path><path d=\"m8 32h18v2h-18z\"><\/path><path d=\"m8 36h18v2h-18z\"><\/path><path d=\"m8 40h18v2h-18z\"><\/path><path d=\"m8 44h18v2h-18z\"><\/path><path d=\"m43.805 50.465 7.565-1.09a2.983 2.983 0 0 0 3.656.527 3.005 3.005 0 0 0 1.1-4.1l-2.5-4.33a3 3 0 0 0 -3-5.2l-2.5-4.33a3 3 0 0 0 -5.471 2.334l-6.186 7.86-5.03 2.9a3.005 3.005 0 0 0 -1.1 4.1l2 3.464a3 3 0 0 0 4.1 1.1l3.5 6.062a3 3 0 0 0 4.1 1.1l1.732-1a3 3 0 0 0 1.1-4.1zm9.185-12.09a1 1 0 0 1 -.365 1.366l-1-1.732a1 1 0 0 1 1.365.366zm-7.964-5.793a1 1 0 0 1 1.366.365l8 13.857a1 1 0 1 1 -1.731 1l-8-13.857a1 1 0 0 1 .365-1.365zm-1.359 3.644 6.523 11.3-8.529 1.228-3.323-5.754zm-6.9 8.052 3 5.2-1.732 1-3-5.2zm-2.7 7.33-2-3.464a1 1 0 0 1 .366-1.366l.866-.5 3 5.2-.866.5a1 1 0 0 1 -1.361-.37zm10.7 6.526-1.732 1a1 1 0 0 1 -1.366-.366l-3.5-6.062 3.3-1.9.2-.029 3.461 5.995a1 1 0 0 1 -.362 1.362z\"><\/path><path d=\"m56.187 34.375h4v2h-4z\" transform=\"matrix(.866 -.5 .5 .866 -9.892 33.835)\"><\/path><path d=\"m52.016 30.363h4.243v2h-4.243z\" transform=\"matrix(.259 -.966 .966 .259 9.831 75.538)\"><\/path><path d=\"m58.638 38.768h2v4.243h-2z\" transform=\"matrix(.259 -.966 .966 .259 4.707 87.912)\"><\/path><\/g><\/svg>\t\t\t\t<\/a>\n\t\t\t<\/div>\n\t\t\t\n\t\t\t\t\t\t<div class=\"elementor-icon-box-content\">\n\n\t\t\t\t\t\t\t\t\t<h3 class=\"elementor-icon-box-title\">\n\t\t\t\t\t\t<a href=\"https:\/\/gunayerdogan.com.tr\/en\/justitia\/news\/\" >\n\t\t\t\t\t\t\tNEWS\t\t\t\t\t\t<\/a>\n\t\t\t\t\t<\/h3>\n\t\t\t\t\n\t\t\t\t\n\t\t\t<\/div>\n\t\t\t\n\t\t<\/div>\n\t\t\t\t\t\t<\/div>\n\t\t\t\t<\/div>\n\t\t\t\t<\/div>\n\t\t<div class=\"elementor-element elementor-element-2c8501c e-con-full e-flex e-con e-child\" data-id=\"2c8501c\" data-element_type=\"container\" data-e-type=\"container\">\n\t\t\t\t<div class=\"elementor-element elementor-element-a5d6426 elementor-position-inline-start elementor-view-default elementor-mobile-position-block-start elementor-widget elementor-widget-icon-box\" data-id=\"a5d6426\" data-element_type=\"widget\" data-e-type=\"widget\" data-widget_type=\"icon-box.default\">\n\t\t\t\t<div class=\"elementor-widget-container\">\n\t\t\t\t\t\t\t<div class=\"elementor-icon-box-wrapper\">\n\n\t\t\t\t\t\t<div class=\"elementor-icon-box-icon\">\n\t\t\t\t<a href=\"https:\/\/gunayerdogan.com.tr\/en\/justitia\/publications\/\" class=\"elementor-icon elementor-animation-shrink\" tabindex=\"-1\" aria-label=\"PUBLICATIONS\">\n\t\t\t\t<svg xmlns=\"http:\/\/www.w3.org\/2000\/svg\" height=\"504pt\" viewBox=\"0 0 504.37457 504\" width=\"504pt\"><path d=\"m25.179688 453.433594h25.179687v25.179687c0 13.90625 11.273437 25.179688 25.179687 25.179688h302.164063c13.910156 0 25.183594-11.273438 25.183594-25.179688v-227.183593l53.515625-49.683594 11.414062 12.296875-45.464844 42.21875c-3.398437 3.15625-3.589843 8.46875-.433593 11.867187 3.15625 3.394532 8.46875 3.585938 11.863281.429688l45.484375-42.203125c3.269531-3.027344 5.199219-7.230469 5.363281-11.683594.167969-4.449219-1.441406-8.785156-4.472656-12.050781l-11.417969-12.296875 24.59375-22.839844c8.964844-8.117187 12.875-20.425781 10.230469-32.230469-2.644531-11.800781-11.433594-21.265625-23.003906-24.78125-11.574219-3.515625-24.140625-.535156-32.902344 7.800782l-30.753906 28.539062-14.015625 12.992188v-84.078126c0-13.90625-11.273438-25.179687-25.183594-25.179687h-25.179687v-25.179687c0-13.90625-11.273438-25.179688-25.179688-25.179688h-235.015625c-.175781 0-.335937.09375-.519531.101562-.742188.046876-1.472656.195313-2.175782.433594-.269531.09375-.519531.160156-.78125.277344-.910156.410156-1.746093.976562-2.457031 1.679688l-83.933593 83.933593c-.703126.714844-1.273438 1.546875-1.679688 2.460938-.117188.25-.183594.519531-.277344.78125-.242187.699219-.386718 1.433593-.4374998 2.171875.0273438.152344-.0664062.3125-.0664062.488281v335.738281c0 13.90625 11.273438 25.179688 25.179688 25.179688zm360.917968 25.179687c0 4.636719-3.757812 8.394531-8.394531 8.394531h-302.164063c-4.632812 0-8.390624-3.757812-8.390624-8.394531v-25.179687h260.195312c13.90625 0 25.179688-11.273438 25.179688-25.179688v-130.097656l33.574218-31.167969zm-156.117187-101.308593c-8.875 7.316406-18.988281 12.984374-29.863281 16.726562 4.367187-10.671875 10.71875-20.425781 18.714843-28.738281l.480469.511719zm13.109375-10.550782-5.875-6.328125-6.890625-7.421875 32.640625-38.902344 21.320312 22.980469zm54.257812-40.289062-13.875-14.878906-8.964844-9.664063 147.632813-137.089844 13.882813 14.976563 8.964843 9.660156-106.554687 98.890625c-.117188.109375-.238282.210937-.347656.328125zm161.699219-195.894532c3.242187-3.0625 7.585937-4.679687 12.042969-4.480468 6.785156.253906 12.746094 4.570312 15.109375 10.933594 2.359375 6.363281.660156 13.519531-4.316407 18.140624l-24.601562 22.847657-13.871094-14.957031-8.964844-9.652344zm-81.34375-63.234374c4.636719 0 8.394531 3.757812 8.394531 8.390624v99.664063l-33.574218 31.167969v-139.222656zm-41.964844-41.96875v196.777343l-78.804687 73.15625c-.117188.144531-.222656.296875-.320313.453125-.117187.117188-.285156.175782-.394531.300782l-12.320312 14.691406h-185.144532c-4.636718 0-8.394531 3.757812-8.394531 8.390625 0 4.636719 3.757813 8.394531 8.394531 8.394531h171.050782l-16.738282 19.941406-1.125 1.050782c-11.46875 10.558593-20.566406 23.433593-26.691406 37.769531h-76.136719c-4.632812 0-8.390625 3.757812-8.390625 8.394531s3.757813 8.394531 8.390625 8.394531h76.683594c.476563.890625 1.039063 1.734375 1.679687 2.515625 3.105469 3.320313 7.457032 5.1875 12.003907 5.144532 1.863281.003906 3.714843-.28125 5.496093-.835938 15.371094-5.027344 29.445313-13.378906 41.21875-24.460938l1.125-1.03125 54.492188-39.257812c.132812-.097656.191406-.257812.316406-.359375.128906-.101563.355469-.175781.496094-.3125l33.113281-30.71875v114.488281c0 4.632813-3.757812 8.390625-8.394531 8.390625h-302.164062c-4.636719 0-8.394532-3.757812-8.394532-8.390625v-327.34375h58.753906c13.910157 0 25.183594-11.273437 25.183594-25.183594v-58.753906h226.621094c4.636719 0 8.394531 3.757813 8.394531 8.394532zm-251.804687 3.476562v46.882812c0 4.636719-3.757813 8.394532-8.394532 8.394532h-46.882812zm0 0\"><\/path><g fill-rule=\"evenodd\"><path d=\"m58.753906 403.074219h16.785156c4.636719 0 8.394532-3.757813 8.394532-8.394531 0-4.636719-3.757813-8.394532-8.394532-8.394532h-16.785156c-4.636718 0-8.394531 3.757813-8.394531 8.394532 0 4.636718 3.757813 8.394531 8.394531 8.394531zm0 0\"><\/path><path d=\"m50.359375 151.269531c0 4.636719 3.757813 8.394531 8.394531 8.394531h235.015625c4.636719 0 8.394531-3.757812 8.394531-8.394531s-3.757812-8.394531-8.394531-8.394531h-235.015625c-4.636718 0-8.394531 3.757812-8.394531 8.394531zm0 0\"><\/path><path d=\"m293.769531 184.84375h-41.964843c-4.636719 0-8.394532 3.757812-8.394532 8.394531 0 4.632813 3.757813 8.390625 8.394532 8.390625h41.964843c4.636719 0 8.394531-3.757812 8.394531-8.390625 0-4.636719-3.757812-8.394531-8.394531-8.394531zm0 0\"><\/path><path d=\"m58.753906 201.628906h151.082032c4.636718 0 8.394531-3.757812 8.394531-8.390625 0-4.636719-3.757813-8.394531-8.394531-8.394531h-151.082032c-4.636718 0-8.394531 3.757812-8.394531 8.394531 0 4.632813 3.757813 8.390625 8.394531 8.390625zm0 0\"><\/path><path d=\"m100.722656 226.808594h-41.96875c-4.636718 0-8.394531 3.757812-8.394531 8.394531s3.757813 8.394531 8.394531 8.394531h41.96875c4.632813 0 8.390625-3.757812 8.390625-8.394531s-3.757812-8.394531-8.390625-8.394531zm0 0\"><\/path><path d=\"m285.378906 226.808594h-142.691406c-4.632812 0-8.390625 3.757812-8.390625 8.394531s3.757813 8.394531 8.390625 8.394531h142.691406c4.632813 0 8.390625-3.757812 8.390625-8.394531s-3.757812-8.394531-8.390625-8.394531zm0 0\"><\/path><path d=\"m83.933594 268.777344h-25.179688c-4.636718 0-8.394531 3.757812-8.394531 8.394531 0 4.632813 3.757813 8.390625 8.394531 8.390625h25.179688c4.636718 0 8.394531-3.757812 8.394531-8.390625 0-4.636719-3.757813-8.394531-8.394531-8.394531zm0 0\"><\/path><path d=\"m235.015625 268.777344h-109.113281c-4.636719 0-8.394532 3.757812-8.394532 8.394531 0 4.632813 3.757813 8.390625 8.394532 8.390625h109.113281c4.636719 0 8.394531-3.757812 8.394531-8.390625 0-4.636719-3.757812-8.394531-8.394531-8.394531zm0 0\"><\/path><path d=\"m159.476562 75.726562h67.144532c4.636718 0 8.394531-3.757812 8.394531-8.390624 0-4.636719-3.757813-8.394532-8.394531-8.394532h-67.144532c-4.636718 0-8.394531 3.757813-8.394531 8.394532 0 4.632812 3.757813 8.390624 8.394531 8.390624zm0 0\"><\/path><\/g><\/svg>\t\t\t\t<\/a>\n\t\t\t<\/div>\n\t\t\t\n\t\t\t\t\t\t<div class=\"elementor-icon-box-content\">\n\n\t\t\t\t\t\t\t\t\t<h3 class=\"elementor-icon-box-title\">\n\t\t\t\t\t\t<a href=\"https:\/\/gunayerdogan.com.tr\/en\/justitia\/publications\/\" >\n\t\t\t\t\t\t\tPUBLICATIONS\t\t\t\t\t\t<\/a>\n\t\t\t\t\t<\/h3>\n\t\t\t\t\n\t\t\t\t\n\t\t\t<\/div>\n\t\t\t\n\t\t<\/div>\n\t\t\t\t\t\t<\/div>\n\t\t\t\t<\/div>\n\t\t\t\t<\/div>\n\t\t\t\t\t<\/div>\n\t\t\t\t<\/div>\n\t\t\t\t<\/div>\n\t\t","protected":false},"excerpt":{"rendered":"<p>Teknolojik geli\u015fmelerin sosyal hayat\u0131 daha karma\u015f\u0131k hale getirmesi ve firmalar\u0131n i\u015f modellerini derinden etkilemesi, pandeminin de etkisiyle dijitalle\u015fmenin ivmesinin artmas\u0131 ve gerek k\u00fcreselle\u015fmenin gerekse kutupla\u015fma ile iklim krizinin derinle\u015fmesi, hukuk alan\u0131nda da \u00f6nemli yans\u0131malara sahiptir. \u00c7at\u0131\u015fmalar\u0131n ve krizlerin derinle\u015fti\u011fi ve \u00f6te yandan i\u015f birliklerine duyulan ihtiyac\u0131n artt\u0131\u011f\u0131 g\u00fcn\u00fcm\u00fcz d\u00fcnyas\u0131nda, G\u00fcnay Erdo\u011fan olarak, sahip oldu\u011fumuz kamu [&hellip;]<\/p>\n","protected":false},"author":1,"featured_media":0,"parent":0,"menu_order":0,"comment_status":"closed","ping_status":"closed","template":"","meta":{"footnotes":""},"class_list":["post-57","page","type-page","status-publish","hentry"],"_links":{"self":[{"href":"https:\/\/gunayerdogan.com.tr\/en\/wp-json\/wp\/v2\/pages\/57","targetHints":{"allow":["GET"]}}],"collection":[{"href":"https:\/\/gunayerdogan.com.tr\/en\/wp-json\/wp\/v2\/pages"}],"about":[{"href":"https:\/\/gunayerdogan.com.tr\/en\/wp-json\/wp\/v2\/types\/page"}],"author":[{"embeddable":true,"href":"https:\/\/gunayerdogan.com.tr\/en\/wp-json\/wp\/v2\/users\/1"}],"replies":[{"embeddable":true,"href":"https:\/\/gunayerdogan.com.tr\/en\/wp-json\/wp\/v2\/comments?post=57"}],"version-history":[{"count":3,"href":"https:\/\/gunayerdogan.com.tr\/en\/wp-json\/wp\/v2\/pages\/57\/revisions"}],"predecessor-version":[{"id":4242,"href":"https:\/\/gunayerdogan.com.tr\/en\/wp-json\/wp\/v2\/pages\/57\/revisions\/4242"}],"wp:attachment":[{"href":"https:\/\/gunayerdogan.com.tr\/en\/wp-json\/wp\/v2\/media?parent=57"}],"curies":[{"name":"wp","href":"https:\/\/api.w.org\/{rel}","templated":true}]}}