{"id":55,"date":"2023-09-13T20:47:13","date_gmt":"2023-09-13T17:47:13","guid":{"rendered":"https:\/\/gunayerdogan.com.tr\/en\/?page_id=55"},"modified":"2026-03-16T13:51:03","modified_gmt":"2026-03-16T11:51:03","slug":"team","status":"publish","type":"page","link":"https:\/\/gunayerdogan.com.tr\/en\/team\/","title":{"rendered":"Team"},"content":{"rendered":"\t\t<div data-elementor-type=\"wp-page\" data-elementor-id=\"55\" class=\"elementor elementor-55\" data-elementor-post-type=\"page\">\n\t\t\t\t<div class=\"elementor-element elementor-element-d54a630 e-con-full e-flex e-con e-parent\" data-id=\"d54a630\" data-element_type=\"container\" data-e-type=\"container\">\n\t\t<div class=\"elementor-element elementor-element-86fdc6b e-flex e-con-boxed e-con e-child\" data-id=\"86fdc6b\" data-element_type=\"container\" data-e-type=\"container\" data-settings=\"{&quot;background_background&quot;:&quot;classic&quot;}\">\n\t\t\t\t\t<div class=\"e-con-inner\">\n\t\t\t\t<div class=\"elementor-element elementor-element-c3b1ff2 elementor-widget elementor-widget-heading\" data-id=\"c3b1ff2\" data-element_type=\"widget\" data-e-type=\"widget\" data-widget_type=\"heading.default\">\n\t\t\t\t<div class=\"elementor-widget-container\">\n\t\t\t\t\t<h1 class=\"elementor-heading-title elementor-size-default\">Partners and Counsels<\/h1>\t\t\t\t<\/div>\n\t\t\t\t<\/div>\n\t\t\t\t\t<\/div>\n\t\t\t\t<\/div>\n\t\t\t\t<\/div>\n\t\t<div class=\"elementor-element elementor-element-3da741e e-flex e-con-boxed e-con e-parent\" data-id=\"3da741e\" data-element_type=\"container\" data-e-type=\"container\">\n\t\t\t\t\t<div class=\"e-con-inner\">\n\t\t\t\t<div class=\"elementor-element elementor-element-a3d7b26 elementor-widget elementor-widget-text-editor\" data-id=\"a3d7b26\" data-element_type=\"widget\" data-e-type=\"widget\" data-widget_type=\"text-editor.default\">\n\t\t\t\t<div class=\"elementor-widget-container\">\n\t\t\t\t\t\t\t\t\t<p>Ms. Esra Kaptan is a highly skilled managing associate at G\u00fcnay Erdo\u011fan Attorneys-at-Law, with over 10 years of experience in legal consulting for M&amp;A deals and corporate affairs of foreign-owned companies. She is a graduate of Oxford University, where she obtained her LLM degree, and she combines her academic excellence with her big law experience to provide exceptional legal services to her clients.<\/p><p>Ms. Kaptan has extensive experience in managing and leading all stages of major international M&amp;A deals, including due diligence, drafting transaction agreements, and negotiations for four Fortune 500 companies. Her expertise in M&amp;A deals is highly valued by her clients, both domestic and international, as she provides them with strategic legal advice and exceptional support.<\/p>\t\t\t\t\t\t\t\t<\/div>\n\t\t\t\t<\/div>\n\t\t\t\t\t<\/div>\n\t\t\t\t<\/div>\n\t\t<div class=\"elementor-element elementor-element-ffcf93e e-flex e-con-boxed e-con e-parent\" data-id=\"ffcf93e\" data-element_type=\"container\" data-e-type=\"container\">\n\t\t\t\t\t<div class=\"e-con-inner\">\n\t\t<div class=\"elementor-element elementor-element-c114cd3 e-con-full e-flex e-con e-child\" data-id=\"c114cd3\" data-element_type=\"container\" data-e-type=\"container\">\n\t\t\t\t<div class=\"elementor-element elementor-element-59d5673 elementor-position-top elementor-widget elementor-widget-image-box\" data-id=\"59d5673\" data-element_type=\"widget\" data-e-type=\"widget\" data-widget_type=\"image-box.default\">\n\t\t\t\t<div class=\"elementor-widget-container\">\n\t\t\t\t\t<div class=\"elementor-image-box-wrapper\"><figure class=\"elementor-image-box-img\"><a href=\"https:\/\/gunayerdogan.com.tr\/en\/team\/yavuz-selim-gunay\/\" tabindex=\"-1\"><img fetchpriority=\"high\" decoding=\"async\" width=\"1024\" height=\"1024\" src=\"https:\/\/gunayerdogan.com.tr\/en\/wp-content\/uploads\/2023\/09\/YSG.jpg\" class=\"elementor-animation-shrink attachment-full size-full wp-image-175\" alt=\"\" srcset=\"https:\/\/gunayerdogan.com.tr\/en\/wp-content\/uploads\/2023\/09\/YSG.jpg 1024w, https:\/\/gunayerdogan.com.tr\/en\/wp-content\/uploads\/2023\/09\/YSG-300x300.jpg 300w, https:\/\/gunayerdogan.com.tr\/en\/wp-content\/uploads\/2023\/09\/YSG-150x150.jpg 150w, https:\/\/gunayerdogan.com.tr\/en\/wp-content\/uploads\/2023\/09\/YSG-768x768.jpg 768w\" sizes=\"(max-width: 1024px) 100vw, 1024px\" \/><\/a><\/figure><div class=\"elementor-image-box-content\"><h5 class=\"elementor-image-box-title\"><a href=\"https:\/\/gunayerdogan.com.tr\/en\/team\/yavuz-selim-gunay\/\">Yavuz Selim G\u00fcnay<\/a><\/h5><p class=\"elementor-image-box-description\">Founding Partner <\/p><\/div><\/div>\t\t\t\t<\/div>\n\t\t\t\t<\/div>\n\t\t\t\t<\/div>\n\t\t<div class=\"elementor-element elementor-element-295ff62 e-con-full e-flex e-con e-child\" data-id=\"295ff62\" data-element_type=\"container\" data-e-type=\"container\">\n\t\t\t\t<div class=\"elementor-element elementor-element-fbf6248 elementor-position-top elementor-widget elementor-widget-image-box\" data-id=\"fbf6248\" data-element_type=\"widget\" data-e-type=\"widget\" data-widget_type=\"image-box.default\">\n\t\t\t\t<div class=\"elementor-widget-container\">\n\t\t\t\t\t<div class=\"elementor-image-box-wrapper\"><figure class=\"elementor-image-box-img\"><a href=\"https:\/\/gunayerdogan.com.tr\/en\/team\/ersin-erdogan\/\" tabindex=\"-1\"><img decoding=\"async\" width=\"1024\" height=\"1024\" src=\"https:\/\/gunayerdogan.com.tr\/en\/wp-content\/uploads\/2023\/09\/Ersin-Erdogan.jpg\" class=\"elementor-animation-shrink attachment-full size-full wp-image-389\" alt=\"\" srcset=\"https:\/\/gunayerdogan.com.tr\/en\/wp-content\/uploads\/2023\/09\/Ersin-Erdogan.jpg 1024w, https:\/\/gunayerdogan.com.tr\/en\/wp-content\/uploads\/2023\/09\/Ersin-Erdogan-300x300.jpg 300w, https:\/\/gunayerdogan.com.tr\/en\/wp-content\/uploads\/2023\/09\/Ersin-Erdogan-150x150.jpg 150w, https:\/\/gunayerdogan.com.tr\/en\/wp-content\/uploads\/2023\/09\/Ersin-Erdogan-768x768.jpg 768w\" sizes=\"(max-width: 1024px) 100vw, 1024px\" \/><\/a><\/figure><div class=\"elementor-image-box-content\"><h5 class=\"elementor-image-box-title\"><a href=\"https:\/\/gunayerdogan.com.tr\/en\/team\/ersin-erdogan\/\">Ersin Erdo\u011fan <\/a><\/h5><p class=\"elementor-image-box-description\">Founding Partner <\/p><\/div><\/div>\t\t\t\t<\/div>\n\t\t\t\t<\/div>\n\t\t\t\t<\/div>\n\t\t<div class=\"elementor-element elementor-element-8b1098f e-con-full e-flex e-con e-child\" data-id=\"8b1098f\" data-element_type=\"container\" data-e-type=\"container\">\n\t\t\t\t<div class=\"elementor-element elementor-element-fabce94 elementor-position-top elementor-widget elementor-widget-image-box\" data-id=\"fabce94\" data-element_type=\"widget\" data-e-type=\"widget\" data-widget_type=\"image-box.default\">\n\t\t\t\t<div class=\"elementor-widget-container\">\n\t\t\t\t\t<div class=\"elementor-image-box-wrapper\"><figure class=\"elementor-image-box-img\"><a href=\"https:\/\/gunayerdogan.com.tr\/en\/team\/cigdem-g-okkaoglu\/\" tabindex=\"-1\"><img decoding=\"async\" width=\"1024\" height=\"1024\" src=\"https:\/\/gunayerdogan.com.tr\/en\/wp-content\/uploads\/2023\/09\/Cigdem-Gizem-Okkaoglu.jpg\" class=\"elementor-animation-shrink attachment-full size-full wp-image-408\" alt=\"\" srcset=\"https:\/\/gunayerdogan.com.tr\/en\/wp-content\/uploads\/2023\/09\/Cigdem-Gizem-Okkaoglu.jpg 1024w, https:\/\/gunayerdogan.com.tr\/en\/wp-content\/uploads\/2023\/09\/Cigdem-Gizem-Okkaoglu-300x300.jpg 300w, https:\/\/gunayerdogan.com.tr\/en\/wp-content\/uploads\/2023\/09\/Cigdem-Gizem-Okkaoglu-150x150.jpg 150w, https:\/\/gunayerdogan.com.tr\/en\/wp-content\/uploads\/2023\/09\/Cigdem-Gizem-Okkaoglu-768x768.jpg 768w\" sizes=\"(max-width: 1024px) 100vw, 1024px\" \/><\/a><\/figure><div class=\"elementor-image-box-content\"><h5 class=\"elementor-image-box-title\"><a href=\"https:\/\/gunayerdogan.com.tr\/en\/team\/cigdem-g-okkaoglu\/\">\u00c7i\u011fdem G. Okkao\u011flu<\/a><\/h5><p class=\"elementor-image-box-description\">Partner <\/p><\/div><\/div>\t\t\t\t<\/div>\n\t\t\t\t<\/div>\n\t\t\t\t<\/div>\n\t\t\t\t\t<\/div>\n\t\t\t\t<\/div>\n\t\t<div class=\"elementor-element elementor-element-7914f7a e-flex e-con-boxed e-con e-parent\" data-id=\"7914f7a\" data-element_type=\"container\" data-e-type=\"container\">\n\t\t\t\t\t<div class=\"e-con-inner\">\n\t\t<div class=\"elementor-element elementor-element-ba2aba6 e-con-full e-flex e-con e-child\" data-id=\"ba2aba6\" data-element_type=\"container\" data-e-type=\"container\">\n\t\t\t\t<div class=\"elementor-element elementor-element-059c358 elementor-position-top elementor-widget elementor-widget-image-box\" data-id=\"059c358\" data-element_type=\"widget\" data-e-type=\"widget\" data-widget_type=\"image-box.default\">\n\t\t\t\t<div class=\"elementor-widget-container\">\n\t\t\t\t\t<div class=\"elementor-image-box-wrapper\"><figure class=\"elementor-image-box-img\"><a href=\"https:\/\/gunayerdogan.com.tr\/en\/team\/emre-subasi\/\" tabindex=\"-1\"><img loading=\"lazy\" decoding=\"async\" width=\"1024\" height=\"1024\" src=\"https:\/\/gunayerdogan.com.tr\/en\/wp-content\/uploads\/2024\/07\/Emre-Subasi.jpg\" class=\"elementor-animation-shrink attachment-full size-full wp-image-4362\" alt=\"\" srcset=\"https:\/\/gunayerdogan.com.tr\/en\/wp-content\/uploads\/2024\/07\/Emre-Subasi.jpg 1024w, https:\/\/gunayerdogan.com.tr\/en\/wp-content\/uploads\/2024\/07\/Emre-Subasi-300x300.jpg 300w, https:\/\/gunayerdogan.com.tr\/en\/wp-content\/uploads\/2024\/07\/Emre-Subasi-150x150.jpg 150w, https:\/\/gunayerdogan.com.tr\/en\/wp-content\/uploads\/2024\/07\/Emre-Subasi-768x768.jpg 768w\" sizes=\"(max-width: 1024px) 100vw, 1024px\" \/><\/a><\/figure><div class=\"elementor-image-box-content\"><h5 class=\"elementor-image-box-title\"><a href=\"https:\/\/gunayerdogan.com.tr\/en\/team\/emre-subasi\/\">Emre Suba\u015f\u0131<\/a><\/h5><p class=\"elementor-image-box-description\">Partner<\/p><\/div><\/div>\t\t\t\t<\/div>\n\t\t\t\t<\/div>\n\t\t\t\t<\/div>\n\t\t<div class=\"elementor-element elementor-element-fbd4e68 e-con-full e-flex e-con e-child\" data-id=\"fbd4e68\" data-element_type=\"container\" data-e-type=\"container\">\n\t\t\t\t<div class=\"elementor-element elementor-element-da7f184 elementor-position-top elementor-widget elementor-widget-image-box\" data-id=\"da7f184\" data-element_type=\"widget\" data-e-type=\"widget\" data-widget_type=\"image-box.default\">\n\t\t\t\t<div class=\"elementor-widget-container\">\n\t\t\t\t\t<div class=\"elementor-image-box-wrapper\"><figure class=\"elementor-image-box-img\"><a href=\"https:\/\/gunayerdogan.com.tr\/en\/team\/aysen-cilenti-konuralp\/\" tabindex=\"-1\"><img loading=\"lazy\" decoding=\"async\" width=\"1024\" height=\"1024\" src=\"https:\/\/gunayerdogan.com.tr\/en\/wp-content\/uploads\/2023\/12\/Aysen-Cilenti-Konuralp.jpg\" class=\"elementor-animation-shrink attachment-full size-full wp-image-4246\" alt=\"\" srcset=\"https:\/\/gunayerdogan.com.tr\/en\/wp-content\/uploads\/2023\/12\/Aysen-Cilenti-Konuralp.jpg 1024w, https:\/\/gunayerdogan.com.tr\/en\/wp-content\/uploads\/2023\/12\/Aysen-Cilenti-Konuralp-300x300.jpg 300w, https:\/\/gunayerdogan.com.tr\/en\/wp-content\/uploads\/2023\/12\/Aysen-Cilenti-Konuralp-150x150.jpg 150w, https:\/\/gunayerdogan.com.tr\/en\/wp-content\/uploads\/2023\/12\/Aysen-Cilenti-Konuralp-768x768.jpg 768w\" sizes=\"(max-width: 1024px) 100vw, 1024px\" \/><\/a><\/figure><div class=\"elementor-image-box-content\"><h5 class=\"elementor-image-box-title\"><a href=\"https:\/\/gunayerdogan.com.tr\/en\/team\/aysen-cilenti-konuralp\/\">Ay\u015fen \u00c7ilenti Konuralp<\/a><\/h5><p class=\"elementor-image-box-description\">Of Counsel<\/p><\/div><\/div>\t\t\t\t<\/div>\n\t\t\t\t<\/div>\n\t\t\t\t<\/div>\n\t\t<div class=\"elementor-element elementor-element-bbff073 e-con-full e-flex e-con e-child\" data-id=\"bbff073\" data-element_type=\"container\" data-e-type=\"container\">\n\t\t\t\t<div class=\"elementor-element elementor-element-b39dc8e elementor-position-top elementor-widget elementor-widget-image-box\" data-id=\"b39dc8e\" data-element_type=\"widget\" data-e-type=\"widget\" data-widget_type=\"image-box.default\">\n\t\t\t\t<div class=\"elementor-widget-container\">\n\t\t\t\t\t<div class=\"elementor-image-box-wrapper\"><figure class=\"elementor-image-box-img\"><a href=\"https:\/\/gunayerdogan.com.tr\/en\/team\/esra-kaptan\/\" tabindex=\"-1\"><img loading=\"lazy\" decoding=\"async\" width=\"1024\" height=\"1024\" src=\"https:\/\/gunayerdogan.com.tr\/en\/wp-content\/uploads\/2023\/10\/Esra-Kaptan.jpg\" class=\"elementor-animation-shrink attachment-full size-full wp-image-4230\" alt=\"\" srcset=\"https:\/\/gunayerdogan.com.tr\/en\/wp-content\/uploads\/2023\/10\/Esra-Kaptan.jpg 1024w, https:\/\/gunayerdogan.com.tr\/en\/wp-content\/uploads\/2023\/10\/Esra-Kaptan-300x300.jpg 300w, https:\/\/gunayerdogan.com.tr\/en\/wp-content\/uploads\/2023\/10\/Esra-Kaptan-150x150.jpg 150w, https:\/\/gunayerdogan.com.tr\/en\/wp-content\/uploads\/2023\/10\/Esra-Kaptan-768x768.jpg 768w\" sizes=\"(max-width: 1024px) 100vw, 1024px\" \/><\/a><\/figure><div class=\"elementor-image-box-content\"><h5 class=\"elementor-image-box-title\"><a href=\"https:\/\/gunayerdogan.com.tr\/en\/team\/esra-kaptan\/\">Esra Kaptan<\/a><\/h5><p class=\"elementor-image-box-description\">Of Counsel<\/p><\/div><\/div>\t\t\t\t<\/div>\n\t\t\t\t<\/div>\n\t\t\t\t<\/div>\n\t\t\t\t\t<\/div>\n\t\t\t\t<\/div>\n\t\t<div class=\"elementor-element elementor-element-531312a e-flex e-con-boxed e-con e-parent\" data-id=\"531312a\" data-element_type=\"container\" data-e-type=\"container\">\n\t\t\t\t\t<div class=\"e-con-inner\">\n\t\t\t\t<div class=\"elementor-element elementor-element-0faf68b elementor-widget elementor-widget-spacer\" data-id=\"0faf68b\" data-element_type=\"widget\" data-e-type=\"widget\" data-widget_type=\"spacer.default\">\n\t\t\t\t<div class=\"elementor-widget-container\">\n\t\t\t\t\t\t\t<div class=\"elementor-spacer\">\n\t\t\t<div class=\"elementor-spacer-inner\"><\/div>\n\t\t<\/div>\n\t\t\t\t\t\t<\/div>\n\t\t\t\t<\/div>\n\t\t\t\t\t<\/div>\n\t\t\t\t<\/div>\n\t\t\t\t<\/div>\n\t\t","protected":false},"excerpt":{"rendered":"<p>Partners and Counsels Ms. Esra Kaptan is a highly skilled managing associate at G\u00fcnay Erdo\u011fan Attorneys-at-Law, with over 10 years of experience in legal consulting for M&amp;A deals and corporate affairs of foreign-owned companies. She is a graduate of Oxford University, where she obtained her LLM degree, and she combines her academic excellence with her [&hellip;]<\/p>\n","protected":false},"author":1,"featured_media":0,"parent":0,"menu_order":0,"comment_status":"closed","ping_status":"closed","template":"","meta":{"footnotes":""},"class_list":["post-55","page","type-page","status-publish","hentry"],"_links":{"self":[{"href":"https:\/\/gunayerdogan.com.tr\/en\/wp-json\/wp\/v2\/pages\/55","targetHints":{"allow":["GET"]}}],"collection":[{"href":"https:\/\/gunayerdogan.com.tr\/en\/wp-json\/wp\/v2\/pages"}],"about":[{"href":"https:\/\/gunayerdogan.com.tr\/en\/wp-json\/wp\/v2\/types\/page"}],"author":[{"embeddable":true,"href":"https:\/\/gunayerdogan.com.tr\/en\/wp-json\/wp\/v2\/users\/1"}],"replies":[{"embeddable":true,"href":"https:\/\/gunayerdogan.com.tr\/en\/wp-json\/wp\/v2\/comments?post=55"}],"version-history":[{"count":18,"href":"https:\/\/gunayerdogan.com.tr\/en\/wp-json\/wp\/v2\/pages\/55\/revisions"}],"predecessor-version":[{"id":4402,"href":"https:\/\/gunayerdogan.com.tr\/en\/wp-json\/wp\/v2\/pages\/55\/revisions\/4402"}],"wp:attachment":[{"href":"https:\/\/gunayerdogan.com.tr\/en\/wp-json\/wp\/v2\/media?parent=55"}],"curies":[{"name":"wp","href":"https:\/\/api.w.org\/{rel}","templated":true}]}}